{"id":87714,"date":"2023-05-26T01:29:10","date_gmt":"2023-05-25T23:29:10","guid":{"rendered":"https:\/\/www.aquarena.hu\/?post_type=product&#038;p=87714"},"modified":"2025-08-17T00:19:25","modified_gmt":"2025-08-16T22:19:25","slug":"csaladi-1f1gy","status":"publish","type":"product","link":"https:\/\/www.aquarena.hu\/en\/tickets\/csaladi-1f1gy\/","title":{"rendered":"CSAL\u00c1DI 1 feln\u0151tt + 1 gyermek (1 adult + 1 child)"},"content":{"rendered":"","protected":false},"excerpt":{"rendered":"<p><strong>Az online el\u0151v\u00e1s\u00e1rolt jegyek csak a v\u00e1s\u00e1rl\u00e1st k\u00f6vet\u0151 napt\u00f3l \u00e9rv\u00e9nyesek az adott szezon v\u00e9g\u00e9ig!<\/strong><\/p>\n","protected":false},"featured_media":394,"template":"","meta":{"_acf_changed":false},"product_cat":[18],"product_tag":[],"acf":[],"_links":{"self":[{"href":"https:\/\/www.aquarena.hu\/en\/wp-json\/wp\/v2\/product\/87714"}],"collection":[{"href":"https:\/\/www.aquarena.hu\/en\/wp-json\/wp\/v2\/product"}],"about":[{"href":"https:\/\/www.aquarena.hu\/en\/wp-json\/wp\/v2\/types\/product"}],"wp:featuredmedia":[{"embeddable":true,"href":"https:\/\/www.aquarena.hu\/en\/wp-json\/wp\/v2\/media\/394"}],"wp:attachment":[{"href":"https:\/\/www.aquarena.hu\/en\/wp-json\/wp\/v2\/media?parent=87714"}],"wp:term":[{"taxonomy":"product_cat","embeddable":true,"href":"https:\/\/www.aquarena.hu\/en\/wp-json\/wp\/v2\/product_cat?post=87714"},{"taxonomy":"product_tag","embeddable":true,"href":"https:\/\/www.aquarena.hu\/en\/wp-json\/wp\/v2\/product_tag?post=87714"}],"curies":[{"name":"wp","href":"https:\/\/api.w.org\/{rel}","templated":true}]}}