{"id":456,"date":"2021-06-10T15:39:10","date_gmt":"2021-06-10T15:39:10","guid":{"rendered":"https:\/\/www.aquarena.hu\/?page_id=456"},"modified":"2025-08-12T18:24:37","modified_gmt":"2025-08-12T16:24:37","slug":"hazirend","status":"publish","type":"page","link":"https:\/\/www.aquarena.hu\/en\/hazirend\/","title":{"rendered":"H\u00e1zirend"},"content":{"rendered":"<h3 style=\"text-align: center;\">H\u00e1zirend<\/h3>\n<ol>\n<li>Az Aquar\u00e9na mogyor\u00f3di aquapark (tov\u00e1bbiakban: Aquar\u00e9na) ig\u00e9nybev\u00e9tele csak a H\u00e1zirend betart\u00e1s\u00e1val t\u00f6rt\u00e9nhet. A bel\u00e9p\u0151jegy megv\u00e1lt\u00e1s\u00e1val a H\u00e1zirend rendelkez\u00e9seit az Aquar\u00e9na Vend\u00e9gei \u00f6nmagukra n\u00e9zve k\u00f6telez\u0151 \u00e9rv\u00e9ny\u0171nek ismerik el. Att\u00f3l a Vend\u00e9gt\u0151l, aki a szab\u00e1lyokat nem v\u00e1llalja, vagy megszegi, az Aquar\u00e9na igazgat\u00f3s\u00e1ga \u00e9s munkat\u00e1rsai a szolg\u00e1ltat\u00e1st megtagadhatj\u00e1k, az Aquar\u00e9na ter\u00fclet\u00e9r\u0151l indokolt esetben elt\u00e1vol\u00edthatj\u00e1k.<\/li>\n<li>Az Aquar\u00e9n\u00e1ba val\u00f3 bel\u00e9p\u00e9s \u00e9s a szolg\u00e1ltat\u00e1sok ig\u00e9nybev\u00e9tele a Vend\u00e9gek sz\u00e1m\u00e1ra \u00e9rkez\u00e9si sorrendben t\u00f6rt\u00e9nik. Ez al\u00f3l kiv\u00e9telt k\u00e9peznek VIP bel\u00e9p\u0151vel rendelkez\u0151k, illetve az Aquar\u00e9na szerz\u0151d\u00e9ses partnerei.<\/li>\n<li>Az Aquar\u00e9n\u00e1ba bel\u00e9pni \u00e9s annak szolg\u00e1ltat\u00e1sait ig\u00e9nybe venni csak a v\u00e1lt\u00e1s napj\u00e1n \u00e9rv\u00e9nyes, egyszeri bel\u00e9p\u00e9sre jogos\u00edt\u00f3, vissza nem v\u00e1lthat\u00f3, m\u00e1sra \u00e1t nem ruh\u00e1zhat\u00f3 bel\u00e9ptet\u0151 szalaggal lehet. A s\u00e9r\u00fclt szalag cser\u00e9j\u00e9t a recepci\u00f3 v\u00e9gzi.<\/li>\n<li>Az Aquar\u00e9n\u00e1t \u00e9s szolg\u00e1ltat\u00e1sait mindenki csak saj\u00e1t felel\u0151ss\u00e9g\u00e9re veheti ig\u00e9nybe. Az egyes cs\u00faszd\u00e1kat csak az ott elhelyezett piktogramok (rajzok) utas\u00edt\u00e1sai szerint szabad haszn\u00e1lni. A jel\u00f6l\u00e9sek \u00e9rtelmez\u00e9si neh\u00e9zs\u00e9g\u00e9nek felmer\u00fcl\u00e9se eset\u00e9n a cs\u00faszdafelel\u0151st\u0151l kell t\u00e1j\u00e9koztat\u00e1st k\u00e9rni. Felh\u00edvjuk Vend\u00e9geink figyelm\u00e9t, hogy a l\u00e9tes\u00edtm\u00e9nyeket k\u00fcl\u00f6n\u00f6s el\u0151vigy\u00e1zatoss\u00e1ggal haszn\u00e1lj\u00e1k.<\/li>\n<li>Az Aquar\u00e9na berendez\u00e9si, felszerel\u00e9si, k\u00f6lcs\u00f6nz\u00e9si t\u00e1rgyaira k\u00e9rj\u00fck, vigy\u00e1zzanak. A kik\u00f6lcs\u00f6nz\u00f6tt eszk\u00f6z\u00f6ket id\u0151ben, s\u00e9rtetlen \u00e1llapotban kell visszaszolg\u00e1ltatni. Aki sz\u00e1nd\u00e9kosan, vagy gondatlan magatart\u00e1s\u00e1val k\u00e1rt okoz, att\u00f3l az Aquar\u00e9na igazgat\u00f3s\u00e1ga a k\u00e1r megt\u00e9r\u00edt\u00e9s\u00e9t k\u00f6vetelheti, ill. ellene k\u00e1rt\u00e9r\u00edt\u00e9si elj\u00e1r\u00e1st kezdem\u00e9nyezhet.<\/li>\n<li>L\u00e1zas, fert\u0151z\u0151 vagy b\u0151rbetegs\u00e9gben szenved\u0151, g\u00f6rcs\u00f6s eszm\u00e9letveszt\u00e9ses (pl.: epilepszi\u00e1s) betegek, s\u00e9r\u00fclt ny\u00edlt sebfel\u00fclet\u0171 szem\u00e9lyek, k\u00e1b\u00edt\u00f3szer, vagy b\u00f3d\u00edt\u00f3 hat\u00e1s\u00fa gy\u00f3gyszer, alkohol hat\u00e1sa alatt \u00e1ll\u00f3 szem\u00e9lyek az Aquar\u00e9na ter\u00fclet\u00e9re nem l\u00e9phetnek, ill. ott nem tart\u00f3zkodhatnak. Az ilyen szem\u00e9lyekt\u0151l az Aquar\u00e9na munkat\u00e1rsai a szolg\u00e1ltat\u00e1st megtagadhatj\u00e1k.<\/li>\n<li>Gyeng\u00e9nl\u00e1t\u00f3 ill. hall\u00e1ss\u00e9r\u00fclt, valamint mozg\u00e1skorl\u00e1tozott vend\u00e9g csak \u00e1lland\u00f3 k\u00eds\u00e9r\u0151 fel\u00fcgyelettel veheti ig\u00e9nybe a cs\u00faszd\u00e1kat, ill. k\u00eds\u00e9r\u0151 kiz\u00e1r\u00f3lagos felel\u0151ss\u00e9g\u00e9re haszn\u00e1lhatj\u00e1k az Aquar\u00e9na l\u00e9tes\u00edtm\u00e9nyeit, k\u00fcl\u00f6n\u00f6s tekintettel a medenc\u00e9kre \u00e9s a cs\u00faszd\u00e1kra.<\/li>\n<li>15 \u00e9ven aluli gyermekek csak folyamatos sz\u00fcl\u0151i fel\u00fcgyelet, illetve feln\u0151tt k\u00eds\u00e9r\u0151 mellett tart\u00f3zkodhatnak az Aquar\u00e9na ter\u00fclet\u00e9n \u00e9s a sz\u00fcl\u0151, ill. feln\u0151tt k\u00eds\u00e9r\u0151 kiz\u00e1r\u00f3lagos felel\u0151ss\u00e9g\u00e9re haszn\u00e1lhatj\u00e1k az Aquar\u00e9na l\u00e9tes\u00edtm\u00e9nyeit, k\u00fcl\u00f6n\u00f6s tekintettel a medenc\u00e9kre \u00e9s a cs\u00faszd\u00e1kra.<\/li>\n<li>A gyermekcsoportok vezet\u0151i felel\u0151sek a csoport \u00e9let-, baleset- \u00e9s vagyonbiztons\u00e1g\u00e1\u00e9rt, a H\u00e1zirendben foglaltak betart\u00e1s\u00e1\u00e9rt \u00e9s betartat\u00e1s\u00e1\u00e9rt.<\/li>\n<li>Az Aquar\u00e9na ter\u00fclet\u00e9n nem szabad olyan j\u00e1t\u00e9kot j\u00e1tszani, vagy olyan magatart\u00e1st tan\u00fas\u00edtani, ami a saj\u00e1t vagy m\u00e1sok testi \u00e9ps\u00e9g\u00e9t vesz\u00e9lyeztetik, a f\u00fcrd\u0151z\u0151k \u00e9s pihenni v\u00e1gy\u00f3 vend\u00e9gek nyugalm\u00e1t zavarj\u00e1k.<\/li>\n<li>Az Aquar\u00e9na ter\u00fclet\u00e9n a ki\u00e9p\u00edtett k\u00f6zleked\u00e9si utakat, l\u00e9pcs\u0151ket kell ig\u00e9nybe venni. K\u00f6zleked\u00e9skor fokozott figyelemmel kell lenni a l\u00e1bs\u00e9r\u00fcl\u00e9sek elker\u00fcl\u00e9s\u00e9re (pl.: elcs\u00fasz\u00e1s, elbotl\u00e1s, be\u00fct\u00e9s, stb.). Tilos a v\u00e9d\u0151korl\u00e1tokon kihajolni, \u00e1tm\u00e1szni, a vend\u00e9gek el\u0151l elz\u00e1rt ter\u00fcletekre bel\u00e9pni, a lez\u00e1rt eszk\u00f6z\u00f6ket \u00e9s p\u00e1ly\u00e1kat haszn\u00e1lni!<\/li>\n<li>A parkos\u00edtott pihen\u0151-napoz\u00f3 ter\u00fcleteket Vend\u00e9geink szabadon haszn\u00e1lhatj\u00e1k.<\/li>\n<li>Az Aquar\u00e9na eszk\u00f6zeit &#8211; rendeltet\u00e9si c\u00e9ljuknak megfelel\u0151en &#8211; az eg\u00e9szs\u00e9get nem vesz\u00e9lyeztet\u0151 \u00e9s biztons\u00e1gos haszn\u00e1lathoz sz\u00fcks\u00e9ges eg\u00e9szs\u00e9gi \u00e1llapotban szabad ig\u00e9nybe venni.<\/li>\n<li>A Lusta Foly\u00f3ba \u00e9rkez\u0151 Aquar\u00e9na tulajdon\u00e1t k\u00e9pez\u0151 cs\u00fasz\u00f3gumit a medenc\u00e9b\u0151l b\u00e1rhov\u00e1 kivinni tilos, azokat csakis kiz\u00e1r\u00f3lag a Lusta Foly\u00f3n szabad haszn\u00e1lni. A Lusta Foly\u00f3n saj\u00e1t tulajdonban l\u00e9v\u0151, foganty\u00faval ell\u00e1tott cs\u00fasz\u00f3gumi haszn\u00e1lata saj\u00e1t felel\u0151ss\u00e9gre enged\u00e9lyezett.<\/li>\n<li>Az Aquar\u00e9na tulajdon\u00e1t k\u00e9pez\u0151 cs\u00fasz\u00f3gumik csak a kijel\u00f6lt cs\u00faszd\u00e1kon haszn\u00e1lhat\u00f3k, azokat kiz\u00e1r\u00f3lag a Vadv\u00edzi Foly\u00f3, Fekete Lyuk \u00e9s a Rafting cs\u00faszd\u00e1kon lehet haszn\u00e1lni. A kijel\u00f6lt helyen kell elhagyni a medenc\u00e9t \u00e9s az cs\u00faszdafel\u00fcgyel\u0151k\/\u00fasz\u00f3mesterek ir\u00e1ny\u00edt\u00e1sa szerint \u00e1tadni az Aquar\u00e9n\u00e1s cs\u00fasz\u00f3gumikat a soron k\u00f6vetkez\u0151 vend\u00e9gnek. Azokat az Aquar\u00e9na egy\u00e9b ter\u00fclet\u00e9re elvinni tilos.<\/li>\n<li>A cs\u00faszdafel\u00fcgyel\u0151k, \u00fasz\u00f3mesterek, biztons\u00e1gi \u0151r\u00f6k, valamint az Aquar\u00e9na munkat\u00e1rsainak k\u00e9r\u00e9s\u00e9t, illetve utas\u00edt\u00e1sait minden esetben be kell tartani. Az Aquar\u00e9na ter\u00fclet\u00e9n felel\u0151s szolg\u00e1lati tev\u00e9kenys\u00e9get ell\u00e1t\u00f3 \/ igazgat\u00f3 \u00e9s helyettesei, f\u00fcrd\u0151mester, uszodamester, biztons\u00e1gi szolg\u00e1lat \/ hivatalos szem\u00e9lynek tekintend\u0151, \u00e9s mint ilyent, a hivatalos szem\u00e9lyekre vonatkoz\u00f3 v\u00e9delem illeti meg.<\/li>\n<li>\u00daszni nem tud\u00f3 szem\u00e9lyek az \u00fasz\u00f3medenc\u00e9ket \u00e9s jel\u00f6lt cs\u00faszd\u00e1kat, prot\u00e9zissel rendelkez\u0151k, nyak- \u00e9s gerincs\u00e9r\u00fcltek a cs\u00faszd\u00e1kat nem haszn\u00e1lhatj\u00e1k.<\/li>\n<li>Nem szabad a medenc\u00e9kben \u00e9tkezni, italt bevinni, tiszt\u00e1lkod\u00f3 szert haszn\u00e1lni, a vizet b\u00e1rmilyen m\u00f3don szennyezni, a medenc\u00e9ket \u00e9s cs\u00faszd\u00e1kat homokos, olajos testtel ig\u00e9nybe venni. Medence \u00e9s cs\u00faszdahaszn\u00e1lat el\u0151tt a l\u00e1bmos\u00f3k \u00e9s zuhany haszn\u00e1lata mindenki sz\u00e1m\u00e1ra k\u00f6telez\u0151. A cs\u00faszdahaszn\u00e1lat sor\u00e1n \u00f3ra, \u00e9kszer viselete tilos!<\/li>\n<li>A medenc\u00e9kbe beugrani csak az erre kijel\u00f6lt helyeken szabad, az ind\u00edt\u00f3 szem\u00e9lyzet utas\u00edt\u00e1sa szerint!<\/li>\n<li>Forr\u00f3, felhev\u00fclt testtel a v\u00edzbe ugrani tilos!<\/li>\n<li>Tilos az Aquar\u00e9na ter\u00fclet\u00e9n k\u00e1b\u00edt\u00f3szert fogyasztani, szemetelni, t\u00fczet rakni, j\u00e1rm\u0171vet, \u00e1llatot, balesetet okoz\u00f3 t\u00e1rgyat bevinni, pet\u00e1rd\u00e1t vagy egy\u00e9b, riadalmat kelt\u0151 eszk\u00f6zt haszn\u00e1lni, k\u00f6zrendet, k\u00f6zerk\u00f6lcs\u00f6t s\u00e9rt\u0151 m\u00f3don viselkedni.<\/li>\n<li>Az Aquar\u00e9na ter\u00fclet\u00e9n \u00fczemid\u0151ben els\u0151seg\u00e9ly szolg\u00e1lat m\u0171k\u00f6dik. S\u00e9r\u00fcl\u00e9s, rosszull\u00e9t, b\u00e1rmilyen eg\u00e9szs\u00e9g\u00fcgyi panasz eset\u00e9n d\u00edjmentesen ig\u00e9nybe vehet\u0151.<\/li>\n<li>Doh\u00e1nyozni az Aquar\u00e9na eg\u00e9sz k\u00fcls\u0151 ter\u00fclet\u00e9n csak az arra kijel\u00f6lt helyeken szabad. \u00c9g\u0151 cigarettacsikket szemetesbe vagy m\u00e1shov\u00e1 dobni szigor\u00faan tilos. Erre a c\u00e9lra a kihelyezett csikktart\u00f3kat k\u00e9rj\u00fck haszn\u00e1lni. Doh\u00e1nyz\u00e1sra a 2012. janu\u00e1r 1-t\u0151l hat\u00e1lyba l\u00e9pett 1999. \u00e9vi XLII. T\u00f6rv\u00e9ny m\u00f3dos\u00edt\u00e1sa a nemdoh\u00e1nyz\u00f3k v\u00e9delm\u00e9r\u0151l \u00e9s doh\u00e1nyterm\u00e9kek fogyaszt\u00e1s\u00e1nak, forgalmaz\u00e1s\u00e1nak szab\u00e1lyai vonatkoznak.<\/li>\n<li>Az Aquar\u00e9na ter\u00fclet\u00e9n l\u00e9v\u0151 k\u00fcls\u0151 szolg\u00e1ltat\u00f3k (nem saj\u00e1t \u00fczemeltet\u00e9s\u0171ek) tev\u00e9kenys\u00e9g\u00e9vel kapcsolatban az Aquar\u00e9na Kft. felel\u0151ss\u00e9get nem v\u00e1llal. Felmer\u00fcl\u0151 panaszt els\u0151dlegesen a szolg\u00e1ltat\u00f3kn\u00e1l kell megtenni, valamint az Aquar\u00e9na igazgat\u00f3s\u00e1g\u00e1n\u00e1l is bejelenthet\u0151k.<\/li>\n<li>A parkol\u00e1s ingyenes, nem \u0151rz\u00f6tt, saj\u00e1t felel\u0151ss\u00e9ggel vehet\u0151 ig\u00e9nybe.<\/li>\n<li>Szemetet, hullad\u00e9kot, az erre kijel\u00f6lt hullad\u00e9kgy\u0171jt\u0151be k\u00e9rj\u00fck dobni.<\/li>\n<li>T\u0171z- \u00e9s bombariad\u00f3, egy\u00e9b rendk\u00edv\u00fcli esem\u00e9ny bek\u00f6vetkeztekor k\u00f6vetni kell a hangosbemond\u00f3, illetve az Aquar\u00e9na dolgoz\u00f3inak utas\u00edt\u00e1s\u00e1t.<\/li>\n<li>Nyitva tart\u00e1s, \u00fczemid\u0151:\n<ul>\n<li>Az Aquar\u00e9na nyitvatart\u00e1si ideje a <a href=\"http:\/\/www.aquarena.hu\/\">www.aquarena.hu<\/a> weboldalon tal\u00e1lhat\u00f3 meg.<\/li>\n<li>A cs\u00faszd\u00e1kat a z\u00e1r\u00e1st megel\u0151z\u0151 20 percben lez\u00e1rjuk, hogy vend\u00e9geinknek legyen ideje \u00e1t\u00f6lt\u00f6zni.<\/li>\n<\/ul>\n<\/li>\n<li>Az Aquar\u00e9na bel\u00e9p\u0151jegy \u00e9s szolg\u00e1ltat\u00e1s \u00e1rait a p\u00e9nzt\u00e1r el\u0151tt t\u00fcntetj\u00fck fel. Bel\u00e9p\u0151jegy v\u00e1s\u00e1rl\u00e1sn\u00e1l a vend\u00e9gek bel\u00e9ptet\u0151 szalagot \u00e9s nyugt\u00e1t kapnak, amit t\u00e1voz\u00e1sig meg kell \u0151rizni! \u00c1f\u00e1s sz\u00e1ml\u00e1t a p\u00e9nzt\u00e1rban k\u00e9rhetnek. P\u00e9nzt\u00e1rz\u00e1r\u00e1s az Aquar\u00e9na z\u00e1r\u00e1s\u00e1t megel\u0151z\u0151 egy \u00f3r\u00e1val t\u00f6rt\u00e9nik. Az Aquar\u00e9na est\u00e9nk\u00e9nt k\u00fcl\u00f6n szab\u00e1lyoz\u00e1s szerint rendezv\u00e9nyek c\u00e9lj\u00e1ra nyitva tarthat.<\/li>\n<li><strong>Az Aquar\u00e9na ter\u00fclet\u00e9n m\u0171k\u00f6d\u0151 kereskedelmi \u00e9s vend\u00e9gl\u00e1t\u00f3 szolg\u00e1ltat\u00e1sokat k\u00fcls\u0151 szolg\u00e1ltat\u00f3 ny\u00fajtja, amelyek tev\u00e9kenys\u00e9g\u00e9\u00e9rt az Aquar\u00e9na felel\u0151ss\u00e9get nem v\u00e1llal. A szolg\u00e1ltat\u00f3 k\u00e9szp\u00e9nzt helyettes\u00edt\u0151 (el\u0151re felt\u00f6ltend\u0151 \/ pre-paid) fizet\u00e9si rendszert m\u0171k\u00f6dtet. A vend\u00e9gl\u00e1t\u00f3 egys\u00e9gekben bankk\u00e1rty\u00e1s, SZ\u00c9P-k\u00e1rty\u00e1s \u00e9s a k\u00e9szp\u00e9nzt helyettes\u00edt\u0151 karszalagos fizet\u00e9s elfogadott, a k\u00e9szp\u00e9nzzel t\u00f6rt\u00e9n\u0151 fizet\u00e9s nem lehets\u00e9ges!<\/strong><\/li>\n<li>A p\u00e9nzt\u00e1rn\u00e1l kapott szalag szab\u00e1lyos felhelyez\u00e9s\u00e9r\u0151l a bel\u00e9ptet\u0151 kapukn\u00e1l szolg\u00e1latot teljes\u00edt\u0151 szem\u00e9lyzet gondoskodik. A bel\u00e9ptet\u0151 kapukon elhelyezett k\u00f3dolvas\u00f3k a szalag ellen\u0151rz\u00e9s\u00e9t k\u00f6vet\u0151en enged\u00e9lyezik a bel\u00e9p\u00e9st.<\/li>\n<li>Az Aquar\u00e9n\u00e1ban felszerelt hangosbemond\u00f3 m\u0171k\u00f6d\u00e9se k\u00f6zlem\u00e9nyek, hirdet\u00e9sek, \u00fczenetek, k\u00f6z\u00e9rdek\u0171 felh\u00edv\u00e1sok, t\u00e1j\u00e9koztat\u00e1sok c\u00e9lj\u00e1t szolg\u00e1lja. A hangos bemond\u00e1s a f\u00fcrd\u0151vend\u00e9gek r\u00e9sz\u00e9re a recepci\u00f3n tal\u00e1lhat\u00f3 t\u00e1j\u00e9koztat\u00f3 szerint vehet\u0151 ig\u00e9nybe.<\/li>\n<li>Az \u00fczemid\u0151t indokolt esetben az Aquar\u00e9na igazgat\u00f3s\u00e1ga megv\u00e1ltoztathatja. Rendk\u00edv\u00fcli meteorol\u00f3gia viszonyok k\u00f6z\u00f6tt (vill\u00e1ml\u00e1s, z\u00e1por, sz\u00e9lvihar, stb.) \u00e9s egy\u00e9b higi\u00e9niai okok miatt (gyerekmedenc\u00e9be t\u00f6rt\u00e9n\u0151 higi\u00e9ni\u00e1s esetek stb.) az \u00fczemeltet\u0151 a cs\u00faszd\u00e1k \u00e9s medenc\u00e9k haszn\u00e1lat\u00e1t ideiglenesen biztons\u00e1gi okb\u00f3l sz\u00fcneteltetheti. A v\u00e1ltoz\u00e1st a p\u00e9nzt\u00e1rn\u00e1l kif\u00fcggesztett hirdetm\u00e9nnyel, illetve hangosbemond\u00f3n k\u00f6z\u00f6lni kell. Ez\u00e9rt az Aquar\u00e9na igazgat\u00f3s\u00e1ga a Vend\u00e9geknek k\u00e1rt\u00e9r\u00edt\u00e9ssel nem tartozik. Technikai hib\u00e1b\u00f3l ered\u0151 szolg\u00e1ltat\u00e1scs\u00f6kken\u00e9sn\u00e9l az \u00fczemeltet\u0151 fenntartja mag\u00e1nak a jogot, hogy saj\u00e1t hat\u00e1sk\u00f6rben d\u00f6ntse el, alkalmaz-e d\u00edjv\u00e1ltoz\u00e1st.<\/li>\n<li>A z\u00e1r\u00f3ra ut\u00e1n k\u00e9rj\u00fck Vend\u00e9geinket, hogy az Aquar\u00e9na ter\u00fclet\u00e9t r\u00f6vid id\u0151n bel\u00fcl legyenek sz\u00edvesek elhagyni.<\/li>\n<li>Az Aquar\u00e9na igazgat\u00f3s\u00e1ga csak az \u00e9rt\u00e9kmeg\u0151rz\u0151ben elhelyezett t\u00e1rgyak\u00e9rt v\u00e1llal felel\u0151ss\u00e9get, az Aquar\u00e9na ter\u00fclet\u00e9n hagyott t\u00e1rgyak elveszt\u00e9s\u00e9b\u0151l sz\u00e1rmaz\u00f3 k\u00e1rok\u00e9rt nem. A ruhat\u00e1rban elhelyezett t\u00e1rgyakat az \u00fczemeltet\u0151nek lelt\u00e1r \u00e9s \u00e9rt\u00e9k szerint nem \u00e1ll m\u00f3dj\u00e1ban \u00e1tvenni. Az \u00e9rt\u00e9kmeg\u0151rz\u0151 b\u00e9rleti d\u00edj fizet\u00e9s\u00e9vel vehet\u0151 ig\u00e9nybe. Az \u00e9rt\u00e9kmeg\u0151rz\u0151 kulcs elhagy\u00e1sa eset\u00e9n az Aquar\u00e9na igazgat\u00f3s\u00e1ga k\u00fcl\u00f6n d\u00edjat sz\u00e1m\u00edt fel.<\/li>\n<li>A medenc\u00e9k biztons\u00e1gi fel\u00fcgyelet\u00e9\u00e9rt, a medenc\u00e9k viz\u00e9nek, a medencet\u00e9rnek a tisztas\u00e1g\u00e1\u00e9rt, a ment\u0151felszerel\u00e9sek k\u00e9szenl\u00e9tben tart\u00e1s\u00e1\u00e9rt, a ment\u0151l\u00e1d\u00e1k felszerel\u00e9s\u00e9\u00e9rt, a v\u00edzb\u0151l mentettekhez az orvos\/ment\u0151tiszt kih\u00edv\u00e1s\u00e1\u00e9rt (akkor is, ha a ment\u00e9s l\u00e1tsz\u00f3lag zavartalanul folyt le \u00e9s a mentett j\u00f3l \u00e9rzi mag\u00e1t) az uszodamester \/f\u00fcrd\u0151mester felel\u0151s.<\/li>\n<li>Az Aquar\u00e9na ter\u00fclet\u00e9n szem\u00e9ly- \u00e9s vagyonv\u00e9delmi c\u00e9lb\u00f3l elektronikus megfigyel\u0151rendszer m\u0171k\u00f6dik, amelynek t\u00e9ny\u00e9t a vend\u00e9g a bel\u00e9p\u0151jegy megv\u00e1s\u00e1rl\u00e1s\u00e1val tudom\u00e1sul veszi. A vend\u00e9gek bel\u00e9ptet\u00e9s\u00e9t, illetve meghat\u00e1rozott esem\u00e9nyek (cs\u00faszda ig\u00e9nybev\u00e9tele) megfigyel\u00e9s\u00e9t digit\u00e1lis k\u00e9pr\u00f6gz\u00edt\u0151vel v\u00e9gezz\u00fck, amely hangot nem r\u00f6gz\u00edt. A H\u00e1zirend megs\u00e9rt\u00e9se a kamera \u00e1ltal r\u00f6gz\u00edtett vide\u00f3felv\u00e9tel \u00e9s az abb\u00f3l k\u00e9sz\u00edtett f\u00e9nyk\u00e9pfelv\u00e9tellel, valamint az Aquar\u00e9na szem\u00e9lyzete \u00e1ltal k\u00e9sz\u00edtett f\u00e9nyk\u00e9pfelv\u00e9tellel dokument\u00e1lhat\u00f3. (Az adatkezel\u00e9si nyilv\u00e1ntart\u00e1s sz\u00e1ma: NAIH-66894\/2013, az adatkezel\u00e9s jogalapja: a szem\u00e9ly- \u00e9s vagyonv\u00e9delmi, valamint a mag\u00e1nnyomoz\u00f3i tev\u00e9kenys\u00e9g szab\u00e1lyair\u00f3l sz\u00f3l\u00f3 2005. \u00e9vi CXXXIII. t\u00f6rv\u00e9ny 30.\u00a7 (2) bekezd\u00e9se szerinti r\u00e1utal\u00f3 magatart\u00e1s). A felv\u00e9teleket az Igazgat\u00f3s\u00e1gon jogos \u00e9rdekb\u0151l, 3 munkanapig t\u00e1roljuk. A rendszer adatainak megismer\u00e9s\u00e9re az Aquar\u00e9na alkalmazottai \u00e9s k\u00f6zrem\u0171k\u00f6d\u0151i, a hat\u00f3s\u00e1gok \u00e9s a b\u00edr\u00f3s\u00e1g, tov\u00e1bb\u00e1 a szem\u00e9lyes adataival kapcsolatban ig\u00e9nyt \u00e9rv\u00e9nyes\u00edt\u0151 szem\u00e9ly jogosult.<\/li>\n<li>A Vend\u00e9g jogosult a szolg\u00e1ltat\u00e1s m\u00f3dj\u00e1ra, annak min\u0151s\u00e9g\u00e9re vagy a szolg\u00e1ltat\u00e1st v\u00e9gz\u0151 magatart\u00e1s\u00e1ra vonatkoz\u00f3 \u00e9szrev\u00e9teleit sz\u00f3ban, vagy \u00edr\u00e1sban megtenni. A V\u00e1s\u00e1rl\u00f3k k\u00f6nyve a recepci\u00f3n\u00e1l \u00e1ll a vend\u00e9gek rendelkez\u00e9s\u00e9re. Az Aquar\u00e9na igazgat\u00f3s\u00e1ga k\u00f6teles panaszt, \u00e9szrev\u00e9telt, javaslatot a vonatkoz\u00f3 szab\u00e1lyok szerint kivizsg\u00e1lni, illet\u0151leg ennek alapj\u00e1n int\u00e9zkedni. A c\u00edmmel ell\u00e1tott panaszt k\u00f6teles \u00edr\u00e1sban megv\u00e1laszolni. A H\u00e1zirend be nem tart\u00e1s\u00e1b\u00f3l ered\u0151 panaszokat \u00e9s esetleges k\u00e1rig\u00e9nyeket az Aquar\u00e9na igazgat\u00f3s\u00e1ga nem k\u00f6teles figyelembe venni! H\u00e1zirend\u00fcnk Vend\u00e9geink biztons\u00e1ga, eg\u00e9szs\u00e9g\u00e9nek \u00e9s testi \u00e9ps\u00e9g\u00e9nek meg\u0151rz\u00e9se \u00e9rdek\u00e9ben k\u00e9sz\u00fclt.<\/li>\n<li>Azt a vend\u00e9get, aki a szolg\u00e1ltat\u00e1shoz el\u0151\u00edrt v\u00e9d\u0151eszk\u00f6z (cs\u00fasz\u00f3gumi cs\u00fasz\u00f3sz\u0151nyeg stb.) haszn\u00e1lat\u00e1t megtagadja, az uszodamester automatikusan kiz\u00e1rhatja a szolg\u00e1ltat\u00e1sb\u00f3l.<\/li>\n<li>A medenc\u00e9be ejtett t\u00e1rgyak\u00e9rt, \u00e9rt\u00e9kek\u00e9rt stb. az \u00dczemeltet\u0151 felel\u0151ss\u00e9get nem v\u00e1llal, lefoly\u00f3k-, cs\u0151vezet\u00e9kek ez okb\u00f3l t\u00f6rt\u00e9n\u0151 megbont\u00e1s\u00e1ra, ellen\u0151rz\u00e9s\u00e9re stb. az \u00dczemeltet\u0151 nem k\u00f6telezhet\u0151.<\/li>\n<li>TILOS\n<ul>\n<li>a medenc\u00e9kbe olyan \u00f6lt\u00f6z\u00e9kben bemenni, amely m\u00e9rete ok\u00e1n k\u00f6zeg\u00e9szs\u00e9g\u00fcgyi, v\u00edzmin\u0151s\u00e9gi vagy balesetv\u00e9delmi szempontb\u00f3l agg\u00e1lyos; a medenc\u00e9kben kiz\u00e1r\u00f3lag olyan \u00fasz\u00f3ruh\u00e1zat visel\u00e9se enged\u00e9lyezett, amelyet kifejezetten \u00fasz\u00e1si c\u00e9lokra fejlesztettek ki \u00e9s v\u00e9kony, sz\u00edntart\u00f3 anyagb\u00f3l k\u00e9sz\u00fclt ruh\u00e1zat (pl. \u00fasz\u00f3dressz, bikini, unikini, tankini, trikini, fecske, \u00fasz\u00f3short, sz\u00f6rfnadr\u00e1g, burkini, sz\u00f6rfp\u00f3l\u00f3); b\u00e1rmilyen utcai, illetve nem \u00fasz\u00e1s c\u00e9lj\u00e1ra haszn\u00e1latos sportruh\u00e1zatban (pl. farmer, szoknya, sportmelltart\u00f3, tornadressz, leggings, kompresszi\u00f3s ruh\u00e1zat, feh\u00e9rnem\u0171) a medenc\u00e9kbe bemenni tilos,<\/li>\n<li>a medenc\u00e9kben papucsban, klump\u00e1ban, vagy egy\u00e9b gum\u00edrozott cip\u0151ben, illetve b\u00e1rmilyen l\u00e1bbelivel tart\u00f3zkodni,<\/li>\n<li>b\u00e1rmit \u00e1rus\u00edtani-, sz\u00f3r\u00f3lapot osztani, koldulni.<\/li>\n<\/ul>\n<\/li>\n<li>Ha a vend\u00e9g a medence viz\u00e9t sz\u00e1nd\u00e9kosan vagy gondatlanul szennyezi \u00e9s az\u00e9rt a medenc\u00e9t le kell z\u00e1rni, illetve annak viz\u00e9t le kell engedni vagy a medenc\u00e9t ki kell fert\u0151tlen\u00edteni stb., \u00fagy annak k\u00f6lts\u00e9g\u00e9t \u00e9s ezen fel\u00fcl a medence haszn\u00e1lat\u00e1nak kies\u00e9s\u00e9b\u0151l ered\u0151 bev\u00e9telkies\u00e9st ill. egy\u00e9b k\u00e1rt a vend\u00e9g k\u00f6teles megt\u00e9r\u00edteni.<\/li>\n<li>A tal\u00e1lt t\u00e1rgyakat k\u00e9rj\u00fck az \u201eRecepci\u00f3s pult\u201d -n\u00e1l leadni, \u00e9s azt a \u201eTal\u00e1lt t\u00e1rgyak\u201d nyilv\u00e1ntart\u00e1sba vetetni.<\/li>\n<li>Gyermekmedence haszn\u00e1lata: A higi\u00e9niai el\u0151\u00edr\u00e1sok betart\u00e1sa \u00e9s a gyermekek biztons\u00e1g\u00e1nak \u00e9rdek\u00e9ben a gyermekmedenc\u00e9ket f\u00fcrd\u0151z\u00e9sre kiz\u00e1r\u00f3lag a gyermekek haszn\u00e1lhatj\u00e1k. A gyermekmedenc\u00e9ben feln\u0151tt k\u00eds\u00e9r\u0151 kiz\u00e1r\u00f3lag a gyermek fel\u00fcgyelet\u00e9hez sz\u00fcks\u00e9ges m\u00e9rt\u00e9kben tart\u00f3zkodhat. A gyermekmedenc\u00e9kben feln\u0151tt k\u00eds\u00e9r\u0151 \u00e1ll\u00f3 vagy a medence sz\u00e9l\u00e9n \u00fcl\u0151 helyzetben tart\u00f3zkodhat, sz\u00e1m\u00e1ra a medencev\u00edzbe bele\u00fclni vagy belefek\u00fcdni szigor\u00faan tilos. A nem szobatiszta gyermekek eset\u00e9ben k\u00f6telez\u0151 a v\u00edzhatlan, speci\u00e1lis baby pelenkanadr\u00e1g haszn\u00e1lata<\/li>\n<li>A cs\u00faszd\u00e1k nem haszn\u00e1lhat\u00f3k olyan ruh\u00e1zatban, amelynek rendeltet\u00e9se nem f\u00fcrd\u0151ruh\u00e1zat, tov\u00e1bb\u00e1 b\u00e1rmilyen olyan ruh\u00e1zatban, amely vizes \u00e1llapotban vagy feltekeredve visel\u0151j\u00e9re annak szabad mozg\u00e1s\u00e1t akad\u00e1lyozhatja, ide\u00e9rtve k\u00fcl\u00f6n\u00f6sen a b\u0151 p\u00f3l\u00f3kat, nadr\u00e1gokat, hossz\u00fa ujj\u00fa ruh\u00e1zatot, szokny\u00e1kat, kend\u0151ket, rojtos vagy zsin\u00f3ros ruhadarabokat, papucsot, v\u00edzi cip\u0151t, f\u00fcrd\u0151cip\u0151t. Egy\u00e9b kieg\u00e9sz\u00edt\u0151k, mint p\u00e9ld\u00e1ul \u00fasz\u00f3szem\u00fcveg, b\u00fav\u00e1rpipa, napszem\u00fcveg haszn\u00e1lata \u00e9letv\u00e9delmi okokb\u00f3l a cs\u00faszd\u00e1kon tilos. A vend\u00e9g tudom\u00e1sul veszi, hogy az Aquar\u00e9na Kft. munkat\u00e1rsai jogosultak a cs\u00faszd\u00e1k haszn\u00e1lat\u00e1t sz\u00e1m\u00e1ra megtiltani, amennyiben a vend\u00e9g az el\u0151z\u0151ekben eml\u00edtett, cs\u00fasz\u00e1sra alkalmatlan ruh\u00e1zatot visel.<\/li>\n<li><strong>Az Aquar\u00e9na vend\u00e9gei a bel\u00e9p\u0151jegy (karszalag) megv\u00e1s\u00e1rl\u00e1s\u00e1val kifejezik \u00e9s elismerik, hogy jelen H\u00e1zirendet elfogadj\u00e1k, magukra n\u00e9zve k\u00f6telez\u0151nek tartj\u00e1k.<\/strong> Ennek keret\u00e9ben a parkban k\u00e9sz\u00fclt fot\u00f3kat a GDPR szab\u00e1lyainak megfelel\u0151en kezelj\u00fck.<\/li>\n<\/ol>\n<p>Szakmai fel\u00fcgyeleti szerveink:<\/p>\n<ul>\n<li>Pest Megyei Korm\u00e1nyhivatal<\/li>\n<li>G\u00f6d\u00f6ll\u0151i J\u00e1r\u00e1s Hivatal<\/li>\n<\/ul>\n<p>V\u00e1s\u00e1rl\u00f3k k\u00f6nyve el\u00e9rhet\u0151 az inform\u00e1ci\u00f3s pultn\u00e1l (Recepci\u00f3).<\/p>\n<p>Az Aquar\u00e9na \u00fczemeltet\u00e9s\u00e9re vonatkoz\u00f3 r\u00e9szletes szab\u00e1lyokat az \u00dczemeltet\u00e9si Szab\u00e1lyzat tartalmazza, amely az Igazgat\u00f3s\u00e1gon el\u00e9rhet\u0151.<\/p>\n<p>Minden Kedves Vend\u00e9g\u00fcnknek kellemes id\u0151t\u00f6lt\u00e9st \u00e9s j\u00f3 sz\u00f3rakoz\u00e1st k\u00edv\u00e1nunk!<\/p>\n","protected":false},"excerpt":{"rendered":"<p>H\u00e1zirend Az Aquar\u00e9na mogyor\u00f3di aquapark (tov\u00e1bbiakban: Aquar\u00e9na) ig\u00e9nybev\u00e9tele csak a H\u00e1zirend betart\u00e1s\u00e1val t\u00f6rt\u00e9nhet. A bel\u00e9p\u0151jegy megv\u00e1lt\u00e1s\u00e1val a H\u00e1zirend rendelkez\u00e9seit az Aquar\u00e9na Vend\u00e9gei \u00f6nmagukra n\u00e9zve k\u00f6telez\u0151 \u00e9rv\u00e9ny\u0171nek ismerik el. Att\u00f3l a Vend\u00e9gt\u0151l, aki a szab\u00e1lyokat nem v\u00e1llalja, vagy megszegi, az Aquar\u00e9na igazgat\u00f3s\u00e1ga \u00e9s munkat\u00e1rsai a szolg\u00e1ltat\u00e1st megtagadhatj\u00e1k, az Aquar\u00e9na ter\u00fclet\u00e9r\u0151l indokolt esetben elt\u00e1vol\u00edthatj\u00e1k. Az Aquar\u00e9n\u00e1ba val\u00f3&hellip;<\/p>\n","protected":false},"author":2,"featured_media":0,"parent":0,"menu_order":0,"comment_status":"closed","ping_status":"closed","template":"","meta":{"_acf_changed":false,"footnotes":""},"acf":[],"_links":{"self":[{"href":"https:\/\/www.aquarena.hu\/en\/wp-json\/wp\/v2\/pages\/456"}],"collection":[{"href":"https:\/\/www.aquarena.hu\/en\/wp-json\/wp\/v2\/pages"}],"about":[{"href":"https:\/\/www.aquarena.hu\/en\/wp-json\/wp\/v2\/types\/page"}],"author":[{"embeddable":true,"href":"https:\/\/www.aquarena.hu\/en\/wp-json\/wp\/v2\/users\/2"}],"replies":[{"embeddable":true,"href":"https:\/\/www.aquarena.hu\/en\/wp-json\/wp\/v2\/comments?post=456"}],"version-history":[{"count":0,"href":"https:\/\/www.aquarena.hu\/en\/wp-json\/wp\/v2\/pages\/456\/revisions"}],"wp:attachment":[{"href":"https:\/\/www.aquarena.hu\/en\/wp-json\/wp\/v2\/media?parent=456"}],"curies":[{"name":"wp","href":"https:\/\/api.w.org\/{rel}","templated":true}]}}