{"id":221,"date":"2021-06-04T07:21:54","date_gmt":"2021-06-04T07:21:54","guid":{"rendered":"https:\/\/www.aquarena.hu\/?page_id=221"},"modified":"2025-08-04T11:33:43","modified_gmt":"2025-08-04T09:33:43","slug":"kapcsolat","status":"publish","type":"page","link":"https:\/\/www.aquarena.hu\/en\/kapcsolat\/","title":{"rendered":"Contact"},"content":{"rendered":"<div class=\"wpb-content-wrapper\"><p>[vc_row][vc_column width=&#8221;1\/3&#8243; css=&#8221;.vc_custom_1622792673890{padding-top: 35px !important;}&#8221; el_class=&#8221;kapcsolat&#8221;][vc_column_text]<\/p>\n<h3>MOGYOR\u00d3DI AQUAR\u00c9NA<\/h3>\n<p>2146 Mogyor\u00f3d, V\u00edzipark \u00fat 1.<br \/>\n<a href=\"https:\/\/www.google.hu\/maps\/place\/Mogyor%C3%B3di+Aquar%C3%A9na+V%C3%ADzi+Sz%C3%B3rakoztat%C3%B3park\/@47.5904216,19.2487875,17z\/data=!3m1!4b1!4m5!3m4!1s0x4741cfbcd2d05845:0x8b792e2574a25704!8m2!3d47.590418!4d19.2509762\" target=\"_blank\" rel=\"noopener\">Google map \u2192<\/a><\/p>\n<p><a href=\"tel:+36205792990\">+36 20 579 2990<\/a><br \/>\n<a href=\"tel:+36205793146\">+36 20 579 3146<\/a><br \/>\n<a href=\"mailto:info@aquarena.hu\">info@aquarena.hu<\/a><\/p>\n<p><ul class=\"social-networks rounded\"><li><a href=\"https:\/\/www.facebook.com\/aquarenamogyorodon\/\" target=\"_blank\" class=\"facebook\" title=\"Facebook\" aria-label=\"Facebook\" rel=\"noopener\"><i class=\"fab fa-facebook\"><\/i><span class=\"name\">Facebook<\/span><\/a><\/li><li><a href=\"https:\/\/www.instagram.com\/aquarena_mogyorod\" target=\"_blank\" class=\"instagram\" title=\"Instagram\" aria-label=\"Instagram\" rel=\"noopener\"><i class=\"fab fa-instagram\"><\/i><span class=\"name\">Instagram<\/span><\/a><\/li><li><a href=\"https:\/\/www.youtube.com\/channel\/UCTqNGIDp9eEe86WRFhsJNfQ\" target=\"_blank\" class=\"youtube\" title=\"YouTube\" aria-label=\"YouTube\" rel=\"noopener\"><i class=\"fab fa-youtube\"><\/i><span class=\"name\">YouTube<\/span><\/a><\/li><li><a href=\"http:\/\/www.tripadvisor.co.hu\/Attraction_Review-g2290737-d2267833-Reviews-Aquarena-Mogyorod_Pest_County_Central_Hungary.htm\" target=\"_blank\" class=\"tripadvisor\" title=\"TripAdvisor\" aria-label=\"TripAdvisor\" rel=\"noopener\"><i class=\"fab fa-tripadvisor\"><\/i><span class=\"name\">TripAdvisor<\/span><\/a><\/li><\/ul>[\/vc_column_text][vc_raw_html css=&#8221;&#8221;]JTNDZGl2JTIwc3R5bGUlM0QlMjJwb3NpdGlvbiUzQSUyMHJlbGF0aXZlJTNCd2lkdGglM0ElMjAxMDAlMjUlM0JoZWlnaHQlM0ElMjAwJTNCcGFkZGluZy1ib3R0b20lM0ElMjA1Ni4yNSUyNSUzQiUyMiUzRSUwQSUzQ3ZpZGVvJTIwc3R5bGUlM0QlMjJwb3NpdGlvbiUzQSUyMGFic29sdXRlJTNCdG9wJTNBJTIwMCUzQmxlZnQlM0ElMjAwJTNCd2lkdGglM0ElMjAxMDAlMjUlM0JoZWlnaHQlM0ElMjAxMDAlMjUlM0IlMjIlMjBhdXRvcGxheSUzRCUyMjElMjIlMjBtdXRlZCUzRCUyMjElMjIlMjBsb29wJTNEJTIyMSUyMiUyMGlkJTNEJTIybXlWaWRlbyUyMiUzRSUzQ3NvdXJjZSUyMHNyYyUzRCUyMmh0dHBzJTNBJTJGJTJGd3d3LmFxdWFyZW5hLmh1JTJGd3AtY29udGVudCUyRnVwbG9hZHMlMkYyMDI1JTJGMDUlMkZ1dHZvbmFsdmlkZW8yMDI1Lm1wNCUyMiUyMHR5cGUlM0QlMjJ2aWRlbyUyRm1wNCUyMiUzRSUzQyUyRnZpZGVvJTNFJTBBJTNDJTJGZGl2JTNFJTBB[\/vc_raw_html][\/vc_column][vc_column width=&#8221;2\/3&#8243;][vc_column_text]<iframe loading=\"lazy\" style=\"border: 0;\" src=\"https:\/\/www.google.com\/maps\/embed?pb=!1m18!1m12!1m3!1d2690.8365290028028!2d19.248787515460982!3d47.59042159708898!2m3!1f0!2f0!3f0!3m2!1i1024!2i768!4f13.1!3m3!1m2!1s0x4741cfbcd2d05845%3A0x8b792e2574a25704!2zTW9neW9yw7NkaSBBcXVhcsOpbmEgVsOtemkgU3rDs3Jha296dGF0w7NwYXJr!5e0!3m2!1shu!2shu!4v1622791279064!5m2!1shu!2shu\" width=\"100%\" height=\"450\" allowfullscreen=\"allowfullscreen\"><\/iframe>[\/vc_column_text][\/vc_column][\/vc_row][vc_row el_id=&#8221;megkozelites&#8221;][vc_column][vc_column_text]<\/p>\n<h3>GETTING HERE<\/h3>\n<p>[\/vc_column_text][\/vc_column][vc_column width=&#8221;1\/2&#8243;][vc_column_text css=&#8221;&#8221;]<strong>By bus<\/strong><\/p>\n<p>The Aquarena can also be reached by the scheduled Vol\u00e1nbus 321, which runs between Budapest XIII \u00dajpest V\u00e1roskapu and Mogyor\u00f3d Aquarena between 21 June &#8211; 31 August.<\/p>\n<p><strong>Detailed timetable on the M\u00c1V-csoport website:<\/strong>:<br \/>\n<a href=\"https:\/\/www.mavcsoport.hu\/mav-szemelyszallitas\/belfoldi-utazas\/vonali-menetrendek\/2020\" target=\"_blank\" rel=\"noopener\">https:\/\/www.mavcsoport.hu\/mav-szemelyszallitas\/belfoldi-utazas\/vonali-menetrendek\/2020<\/a><\/p>\n<p><strong>Journey planner:<\/strong> Budapest GO (BKK) <a href=\"https:\/\/futar.bkk.hu\/route\/volan_321?layers=SVB\" target=\"_blank\" rel=\"noopener\">https:\/\/futar.bkk.hu\/route\/volan_321?layers=SVB<\/a><strong><br \/>\n<\/strong>M\u00c1V EMMA <a href=\"https:\/\/emma.mav.hu\/\" target=\"_blank\" rel=\"noopener\">https:\/\/emma.mav.hu\/<\/a><\/p>\n<p><strong>Budapest &#8211; Hungaroring-Mogyor\u00f3d 321<br \/>\nJourney time: 40 minutes.<\/strong><\/p>\n<p><strong>Departure times from Budapest XIII. district, \u00dajpest V\u00e1roskapu<\/strong> to Aquarena:<\/p>\n<p>Monday-Friday: 8:45, 10:45, 12:45, 14:45, 16:45<br \/>\nSaturday-Sunday (and public holidays): 8:45, 9:45, 10:45, 12:45, 14:45, 15:45, 16:45<\/p>\n<p><strong>Departure times from Mogyor\u00f3d, Aquar\u00e9na stop<\/strong> to Budapest:<\/p>\n<p>Monday &#8211; Friday: 10:12, 12:12, 14:12, 16:12, 18:12<br \/>\nSaturday-Sunday (and public holidays): 10:12, 11:12, 12:12, 14:12, 16:12, 17:12, 18:12, 19:12[\/vc_column_text][\/vc_column][vc_column width=&#8221;1\/2&#8243;][vc_column_text]<strong>By car<\/strong><\/p>\n<p>Exit from the M3 motorway (toll highway!)<\/p>\n<ul>\n<li>Coming from Budapest at exit 19 &#8220;Mogyor\u00f3d, Hungaroring&#8221;;<\/li>\n<li>Coming from Gy\u00f6ngy\u00f6s, Hatvan at exit 19 &#8220;F\u00f3t, Mogyor\u00f3d west, Hungaroring&#8221;;<\/li>\n<\/ul>\n<p><strong>From the main road 3<\/strong><\/p>\n<ul>\n<li>From Kistarcsa, Kerepes on the road to Szilasliget (Hungaroring)<\/li>\n<li>Coming from G\u00f6d\u00f6ll\u0151, turn right directly towards Mogyor\u00f3d, leaving the roundabout for the M31<\/li>\n<\/ul>\n<p><strong>From F\u00f3t<\/strong><\/p>\n<ul>\n<li>Turning directly towards Mogyor\u00f3d at Gyermekv\u00e1ros in F\u00f3t.<\/li>\n<\/ul>\n<p>Parking: the Aquarena has 600 parking spaces, which are free of charge for our guests.[\/vc_column_text][\/vc_column][vc_column offset=&#8221;vc_hidden-lg vc_hidden-md vc_hidden-sm vc_hidden-xs&#8221;][vc_column_text]<strong>(H\u00c9V +) taxi\u00a0az Aquar\u00e9n\u00e1ba<\/strong><br \/>\nA g\u00f6d\u00f6ll\u0151i taxi a Mogyor\u00f3di vagy a Szilasligeti H\u00c9V \u00e1llom\u00e1st\u00f3l sz\u00e1ll\u00edtja az Aquar\u00e9na vend\u00e9geit!<\/p>\n<p>Taxi rendel\u00e9se a +36 70\/456-3424 sz\u00e1mon (~ 15-20 perces ki\u00e1ll\u00e1s)<br \/>\n\u00c1r megegyez\u00e9s szerint: k\u00e9rj\u00fck, \u00e9rdekl\u0151dj\u00f6n a diszp\u00e9csern\u00e9l![\/vc_column_text][\/vc_column][\/vc_row]<\/p>\n<\/div>","protected":false},"excerpt":{"rendered":"<p>[vc_row][vc_column width=&#8221;1\/3&#8243; css=&#8221;.vc_custom_1622792673890{padding-top: 35px !important;}&#8221; el_class=&#8221;kapcsolat&#8221;][vc_column_text] MOGYOR\u00d3DI AQUAR\u00c9NA 2146 Mogyor\u00f3d, V\u00edzipark \u00fat 1. Google map \u2192 +36 20 579 2990 +36 20 579 3146 info@aquarena.hu [\/vc_column_text][vc_raw_html css=&#8221;&#8221;]JTNDZGl2JTIwc3R5bGUlM0QlMjJwb3NpdGlvbiUzQSUyMHJlbGF0aXZlJTNCd2lkdGglM0ElMjAxMDAlMjUlM0JoZWlnaHQlM0ElMjAwJTNCcGFkZGluZy1ib3R0b20lM0ElMjA1Ni4yNSUyNSUzQiUyMiUzRSUwQSUzQ3ZpZGVvJTIwc3R5bGUlM0QlMjJwb3NpdGlvbiUzQSUyMGFic29sdXRlJTNCdG9wJTNBJTIwMCUzQmxlZnQlM0ElMjAwJTNCd2lkdGglM0ElMjAxMDAlMjUlM0JoZWlnaHQlM0ElMjAxMDAlMjUlM0IlMjIlMjBhdXRvcGxheSUzRCUyMjElMjIlMjBtdXRlZCUzRCUyMjElMjIlMjBsb29wJTNEJTIyMSUyMiUyMGlkJTNEJTIybXlWaWRlbyUyMiUzRSUzQ3NvdXJjZSUyMHNyYyUzRCUyMmh0dHBzJTNBJTJGJTJGd3d3LmFxdWFyZW5hLmh1JTJGd3AtY29udGVudCUyRnVwbG9hZHMlMkYyMDI1JTJGMDUlMkZ1dHZvbmFsdmlkZW8yMDI1Lm1wNCUyMiUyMHR5cGUlM0QlMjJ2aWRlbyUyRm1wNCUyMiUzRSUzQyUyRnZpZGVvJTNFJTBBJTNDJTJGZGl2JTNFJTBB[\/vc_raw_html][\/vc_column][vc_column width=&#8221;2\/3&#8243;][vc_column_text][\/vc_column_text][\/vc_column][\/vc_row][vc_row el_id=&#8221;megkozelites&#8221;][vc_column][vc_column_text] GETTING HERE [\/vc_column_text][\/vc_column][vc_column width=&#8221;1\/2&#8243;][vc_column_text css=&#8221;&#8221;]By bus The Aquarena can also be reached by the scheduled Vol\u00e1nbus 321, which runs between Budapest XIII \u00dajpest V\u00e1roskapu and Mogyor\u00f3d&hellip;<\/p>\n","protected":false},"author":1,"featured_media":0,"parent":0,"menu_order":0,"comment_status":"closed","ping_status":"closed","template":"","meta":{"_acf_changed":false,"footnotes":""},"acf":[],"_links":{"self":[{"href":"https:\/\/www.aquarena.hu\/en\/wp-json\/wp\/v2\/pages\/221"}],"collection":[{"href":"https:\/\/www.aquarena.hu\/en\/wp-json\/wp\/v2\/pages"}],"about":[{"href":"https:\/\/www.aquarena.hu\/en\/wp-json\/wp\/v2\/types\/page"}],"author":[{"embeddable":true,"href":"https:\/\/www.aquarena.hu\/en\/wp-json\/wp\/v2\/users\/1"}],"replies":[{"embeddable":true,"href":"https:\/\/www.aquarena.hu\/en\/wp-json\/wp\/v2\/comments?post=221"}],"version-history":[{"count":0,"href":"https:\/\/www.aquarena.hu\/en\/wp-json\/wp\/v2\/pages\/221\/revisions"}],"wp:attachment":[{"href":"https:\/\/www.aquarena.hu\/en\/wp-json\/wp\/v2\/media?parent=221"}],"curies":[{"name":"wp","href":"https:\/\/api.w.org\/{rel}","templated":true}]}}