{"id":159,"date":"2021-05-27T08:15:23","date_gmt":"2021-05-27T08:15:23","guid":{"rendered":"https:\/\/www.aquarena.hu\/?page_id=159"},"modified":"2025-06-28T10:51:21","modified_gmt":"2025-06-28T08:51:21","slug":"impresszum","status":"publish","type":"page","link":"https:\/\/www.aquarena.hu\/en\/impresszum\/","title":{"rendered":"Impresszum"},"content":{"rendered":"<div class=\"wpb-content-wrapper\"><p>[vc_row][vc_column css=&#8221;.vc_custom_1622103446322{margin-top: 65px !important;}&#8221;][vc_column_text css=&#8221;&#8221;]<\/p>\n<div class=\"vc-container\">\n<div class=\"vc-row-container container\">\n<div class=\"vc_row wpb_row vc_row-fluid vc_custom_1530379373282\">\n<div class=\"wpb_column vc_column_container vc_col-sm-12\">\n<div class=\"vc_column-inner \">\n<div class=\"wpb_wrapper\">\n<div class=\"wpb_text_column wpb_content_element post-formatting \">\n<div class=\"wpb_wrapper\">\n<h3><\/h3>\n<\/div>\n<\/div>\n<\/div>\n<\/div>\n<\/div>\n<h3><\/h3>\n<div class=\"wpb_column vc_column_container vc_col-sm-12\">\n<div class=\"vc_column-inner \">\n<div class=\"wpb_wrapper\">\n<div class=\"wpb_text_column wpb_content_element post-formatting \">\n<div class=\"wpb_wrapper\">\n<h3>C\u00e9gadatok:<\/h3>\n<p><strong>C\u00e9gn\u00e9v:<\/strong> Aquar\u00e9na Szolg\u00e1ltat\u00f3 Kft.<\/p>\n<p><strong>Sz\u00e9khely: <\/strong>2040 Buda\u00f6rs, Gy\u00e1r utca 2.<\/p>\n<p><strong>Telephely:<\/strong> <a class=\"link-hover\" href=\"https:\/\/www.google.com\/maps\/place\/Mogyor%C3%B3di+Aquar%C3%A9na+V%C3%ADzi+Sz%C3%B3rakoztat%C3%B3park\/@47.590418,19.2509762,15z\/data=!4m2!3m1!1s0x0:0x8b792e2574a25704?sa=X&amp;ved=2ahUKEwiVxvin3eTwAhWotIsKHYjEBAMQ_BIwHXoECEwQBQ\" target=\"_blank\" rel=\"noopener\">2146 Mogyor\u00f3d, V\u00edzi-park \u00fat 1.<\/a><\/p>\n<p><strong>Ad\u00f3sz\u00e1m:<\/strong> 11901345-2-13<\/p>\n<p><strong>C\u00e9gjegyz\u00e9k sz\u00e1m:<\/strong> 13-09-232872<\/p>\n<p><strong>E-mail c\u00edm:<\/strong> <a class=\"link-hover\" href=\"mailto:info@aquarena.hu\">info@aquarena.hu<\/a><\/p>\n<p>&nbsp;<\/p>\n<p>Szerver szolg\u00e1ltat\u00f3 &#8211; <a href=\"https:\/\/acetelecom.hu\" target=\"_blank\" rel=\"noopener\">ACE Telecom Kft.<\/a> (1037 Budapest, Zay utca 3. III. emelet)<\/p>\n<p>Weboldal \u00fczemeltet\u0151 &#8211; Gartner Ferenc e.v. (fgartner[kukac]franky.hu)<\/p>\n<p>&nbsp;<\/p>\n<p>Honlap k\u00e9sz\u00edt\u00e9s \u2013 <a href=\"https:\/\/www.desart.hu\" target=\"_blank\" rel=\"noopener\">DesArt.hu<\/a><\/p>\n<p>Weboldal fejleszt\u00e9s \u2013 <a href=\"https:\/\/www.networksolution.hu\" target=\"_blank\" rel=\"noopener\">Network Solutions<\/a><\/p>\n<\/div>\n<\/div>\n<\/div>\n<\/div>\n<\/div>\n<\/div>\n<\/div>\n<\/div>\n<p>[\/vc_column_text][\/vc_column][\/vc_row]<\/p>\n<\/div>","protected":false},"excerpt":{"rendered":"<p>[vc_row][vc_column css=&#8221;.vc_custom_1622103446322{margin-top: 65px !important;}&#8221;][vc_column_text css=&#8221;&#8221;] C\u00e9gadatok: C\u00e9gn\u00e9v: Aquar\u00e9na Szolg\u00e1ltat\u00f3 Kft. Sz\u00e9khely: 2040 Buda\u00f6rs, Gy\u00e1r utca 2. Telephely: 2146 Mogyor\u00f3d, V\u00edzi-park \u00fat 1. Ad\u00f3sz\u00e1m: 11901345-2-13 C\u00e9gjegyz\u00e9k sz\u00e1m: 13-09-232872 E-mail c\u00edm: info@aquarena.hu &nbsp; Szerver szolg\u00e1ltat\u00f3 &#8211; ACE Telecom Kft. (1037 Budapest, Zay utca 3. III. emelet) Weboldal \u00fczemeltet\u0151 &#8211; Gartner Ferenc e.v. (fgartner[kukac]franky.hu) &nbsp; Honlap k\u00e9sz\u00edt\u00e9s \u2013&hellip;<\/p>\n","protected":false},"author":1,"featured_media":0,"parent":0,"menu_order":0,"comment_status":"closed","ping_status":"closed","template":"","meta":{"_acf_changed":false,"footnotes":""},"acf":[],"_links":{"self":[{"href":"https:\/\/www.aquarena.hu\/en\/wp-json\/wp\/v2\/pages\/159"}],"collection":[{"href":"https:\/\/www.aquarena.hu\/en\/wp-json\/wp\/v2\/pages"}],"about":[{"href":"https:\/\/www.aquarena.hu\/en\/wp-json\/wp\/v2\/types\/page"}],"author":[{"embeddable":true,"href":"https:\/\/www.aquarena.hu\/en\/wp-json\/wp\/v2\/users\/1"}],"replies":[{"embeddable":true,"href":"https:\/\/www.aquarena.hu\/en\/wp-json\/wp\/v2\/comments?post=159"}],"version-history":[{"count":0,"href":"https:\/\/www.aquarena.hu\/en\/wp-json\/wp\/v2\/pages\/159\/revisions"}],"wp:attachment":[{"href":"https:\/\/www.aquarena.hu\/en\/wp-json\/wp\/v2\/media?parent=159"}],"curies":[{"name":"wp","href":"https:\/\/api.w.org\/{rel}","templated":true}]}}